{"id":2058,"date":"2023-07-30T18:50:45","date_gmt":"2023-07-30T16:50:45","guid":{"rendered":"https:\/\/www.otelina-medecine-esthetique.ch\/reduce-dark-circles\/"},"modified":"2023-08-12T22:01:29","modified_gmt":"2023-08-12T20:01:29","slug":"reduce-dark-circles","status":"publish","type":"page","link":"https:\/\/www.otelina-medecine-esthetique.ch\/en\/our-expectations\/reduce-dark-circles\/","title":{"rendered":"Reduce dark circles"},"content":{"rendered":"\n<div class=\"wp-block-cover alignfull is-light\"><span aria-hidden=\"true\" class=\"wp-block-cover__background has-background-dim\"><\/span><img loading=\"lazy\" decoding=\"async\" width=\"1920\" height=\"600\" class=\"wp-block-cover__image-background wp-image-322\" alt=\"\" src=\"https:\/\/www.otelina-medecine-esthetique.ch\/esthetic\/2023\/08\/regard-cerne.jpg\" data-object-fit=\"cover\" srcset=\"https:\/\/www.otelina-medecine-esthetique.ch\/esthetic\/2023\/08\/regard-cerne.jpg 1920w, https:\/\/www.otelina-medecine-esthetique.ch\/esthetic\/2023\/08\/regard-cerne-600x188.jpg 600w, https:\/\/www.otelina-medecine-esthetique.ch\/esthetic\/2023\/08\/regard-cerne-1024x320.jpg 1024w, https:\/\/www.otelina-medecine-esthetique.ch\/esthetic\/2023\/08\/regard-cerne-768x240.jpg 768w, https:\/\/www.otelina-medecine-esthetique.ch\/esthetic\/2023\/08\/regard-cerne-1536x480.jpg 1536w, https:\/\/www.otelina-medecine-esthetique.ch\/esthetic\/2023\/08\/regard-cerne-800x250.jpg 800w, https:\/\/www.otelina-medecine-esthetique.ch\/esthetic\/2023\/08\/regard-cerne-960x300.jpg 960w, https:\/\/www.otelina-medecine-esthetique.ch\/esthetic\/2023\/08\/regard-cerne-480x150.jpg 480w\" sizes=\"auto, (max-width: 1920px) 100vw, 1920px\" \/><div class=\"wp-block-cover__inner-container is-layout-flow wp-block-cover-is-layout-flow\">\n<h1 class=\"wp-block-heading has-text-align-center\">Reduce dark circles<\/h1>\n<\/div><\/div>\n\n<h2 class=\"wp-block-heading\">How to reduce dark circles<\/h2>\n\n<p><strong> DARK CIRCLES <\/strong>&#13;\nThe circled look gives a tired look, it is therefore a frequent reason in aesthetic consultation.&#13;\nThe skin under the eye is fine, so it will be very sensitive to external aggressions (sun, tobacco, stress, etc&#8230;).&#13;\nThis is why signs of fatigue and age will appear there more quickly.&#13;\nHowever, the origin of the ring can be familial and therefore arise very early in life.<\/p>\n\n<blockquote class=\"wp-block-quote is-layout-flow wp-block-quote-is-layout-flow\">\n<p><strong> There are different types of dark circles: <\/strong>&#13;\n&#8211; The dark circle&#13;\n&#8211; The pigmented ring&#13;\nBoth can be combined.&#13;\nThe colors can also be very varied (brown, yellowish, purple, bluish &#8230;)<\/p>\n<\/blockquote>\n\n<p>When the circle is associated with a loss of volume in the valley of tears, it will be easily accessible to treatment.&#13;\nWhen the circle is only pigmented, treatment can be more difficult because the color is sometimes just related to the transparency of underlying vessels.<\/p>\n\n<blockquote class=\"wp-block-quote is-layout-flow wp-block-quote-is-layout-flow\">\n<p><strong> Our solutions to improve or even eliminate the dark circle: <\/strong>&#13;\n&#8211; Hyaluronic acid injection to correct a hollow&#13;\n&#8211; Medical peel (TCA, Glyco-Eye) to lighten pigment spots or to reduce the brown coloring. The Glyco-Eye peel is a treatment for the eye area in 1 to 6 sessions on all skin types to obtain a smoothing of fine lines and a lightening of the area.&#13;\n&#8211; Pulsed light&#13;\n&#8211; Mesotherapy to reduce existing fine lines or lighten dark circles&#13;\n&#8211; Cellular regeneration by Platelet Rich Plasma (PRP or vampire lift)<\/p>\n<\/blockquote>\n\n<p><strong> POCKETS <\/strong>&#13;\nThey are due to a displacement of suborbital fat towards the surface of the skin.&#13;\nThey tend to appear with age.&#13;\nWhen they appear early in life, family origin is frequent or a chaotic rhythm of life with fatigue and stress can also accentuate them.&#13;\nThe volume of the bags varies during the day, due to the effect of water retention in the area.&#13;\nActivating the microcirculation by small massages in the morning or applying cold are also little tips to drain the area<\/p>\n\n<blockquote class=\"wp-block-quote is-layout-flow wp-block-quote-is-layout-flow\">\n<p><strong> Our solutions against pockets: <\/strong>&#13;\n&#8211; Hyaluronic acid for beginning bags&#13;\n&#8211; Bl\u00e9pharoplastie de la paupi\u00e8re inf\u00e9rieure<\/p>\n<\/blockquote>\n\n<div class=\"wp-block-buttons is-layout-flex wp-block-buttons-is-layout-flex\">\n<div class=\"wp-block-button calendar\"><a class=\"wp-block-button__link wp-element-button\" href=\"https:\/\/www.otelina-medecine-esthetique.ch\/en\/consultations\/\">Book a consultation<\/a><\/div>\n<\/div>\n","protected":false},"excerpt":{"rendered":"<p>How to reduce dark circles DARK CIRCLES &#13; The circled look gives a tired look, it is therefore a frequent reason in aesthetic consultation.&#13; The skin under the eye is fine, so it will be very sensitive to external aggressions (sun, tobacco, stress, etc&#8230;).&#13; This is why signs of fatigue and age will appear there [&hellip;]<\/p>\n","protected":false},"author":1,"featured_media":0,"parent":2143,"menu_order":0,"comment_status":"closed","ping_status":"closed","template":"","meta":{"_acf_changed":false,"_uag_custom_page_level_css":"","footnotes":""},"class_list":["post-2058","page","type-page","status-publish","hentry"],"acf":[],"uagb_featured_image_src":{"full":false,"thumbnail":false,"medium":false,"medium_large":false,"large":false,"1536x1536":false,"2048x2048":false,"post-thumbnail":false,"carre600":false,"medium-dia":false,"slider-xl":false,"slider-l":false,"slider-m":false,"slider-s":false,"gform-image-choice-sm":false,"gform-image-choice-md":false,"gform-image-choice-lg":false},"uagb_author_info":{"display_name":"webmaster","author_link":"https:\/\/www.otelina-medecine-esthetique.ch\/en\/blog\/author\/webadmini\/"},"uagb_comment_info":0,"uagb_excerpt":"How to reduce dark circles DARK CIRCLES &#13; The circled look gives a tired look, it is therefore a frequent reason in aesthetic consultation.&#13; The skin under the eye is fine, so it will be very sensitive to external aggressions (sun, tobacco, stress, etc&#8230;).&#13; This is why signs of fatigue and age will appear there&hellip;","_links":{"self":[{"href":"https:\/\/www.otelina-medecine-esthetique.ch\/en\/wp-json\/wp\/v2\/pages\/2058","targetHints":{"allow":["GET"]}}],"collection":[{"href":"https:\/\/www.otelina-medecine-esthetique.ch\/en\/wp-json\/wp\/v2\/pages"}],"about":[{"href":"https:\/\/www.otelina-medecine-esthetique.ch\/en\/wp-json\/wp\/v2\/types\/page"}],"author":[{"embeddable":true,"href":"https:\/\/www.otelina-medecine-esthetique.ch\/en\/wp-json\/wp\/v2\/users\/1"}],"replies":[{"embeddable":true,"href":"https:\/\/www.otelina-medecine-esthetique.ch\/en\/wp-json\/wp\/v2\/comments?post=2058"}],"version-history":[{"count":1,"href":"https:\/\/www.otelina-medecine-esthetique.ch\/en\/wp-json\/wp\/v2\/pages\/2058\/revisions"}],"predecessor-version":[{"id":2059,"href":"https:\/\/www.otelina-medecine-esthetique.ch\/en\/wp-json\/wp\/v2\/pages\/2058\/revisions\/2059"}],"up":[{"embeddable":true,"href":"https:\/\/www.otelina-medecine-esthetique.ch\/en\/wp-json\/wp\/v2\/pages\/2143"}],"wp:attachment":[{"href":"https:\/\/www.otelina-medecine-esthetique.ch\/en\/wp-json\/wp\/v2\/media?parent=2058"}],"curies":[{"name":"wp","href":"https:\/\/api.w.org\/{rel}","templated":true}]}}