{"id":2246,"date":"2023-07-30T19:46:03","date_gmt":"2023-07-30T17:46:03","guid":{"rendered":"https:\/\/www.otelina-medecine-esthetique.ch\/?page_id=2246"},"modified":"2023-09-04T15:37:10","modified_gmt":"2023-09-04T13:37:10","slug":"hifu-focused-ultrasound","status":"publish","type":"page","link":"https:\/\/www.otelina-medecine-esthetique.ch\/en\/otelina-solutions\/hifu-focused-ultrasound\/","title":{"rendered":"HIFU Focused Ultrasound"},"content":{"rendered":"\n<div class=\"wp-block-cover alignfull is-light\"><span aria-hidden=\"true\" class=\"wp-block-cover__background has-background-dim\"><\/span><img loading=\"lazy\" decoding=\"async\" width=\"1920\" height=\"600\" class=\"wp-block-cover__image-background wp-image-2243\" alt=\"hifu\" src=\"https:\/\/www.otelina-medecine-esthetique.ch\/esthetic\/2023\/08\/hifu.jpg\" data-object-fit=\"cover\" srcset=\"https:\/\/www.otelina-medecine-esthetique.ch\/esthetic\/2023\/08\/hifu.jpg 1920w, https:\/\/www.otelina-medecine-esthetique.ch\/esthetic\/2023\/08\/hifu-600x188.jpg 600w, https:\/\/www.otelina-medecine-esthetique.ch\/esthetic\/2023\/08\/hifu-1024x320.jpg 1024w, https:\/\/www.otelina-medecine-esthetique.ch\/esthetic\/2023\/08\/hifu-768x240.jpg 768w, https:\/\/www.otelina-medecine-esthetique.ch\/esthetic\/2023\/08\/hifu-1536x480.jpg 1536w, https:\/\/www.otelina-medecine-esthetique.ch\/esthetic\/2023\/08\/hifu-800x250.jpg 800w, https:\/\/www.otelina-medecine-esthetique.ch\/esthetic\/2023\/08\/hifu-960x300.jpg 960w, https:\/\/www.otelina-medecine-esthetique.ch\/esthetic\/2023\/08\/hifu-480x150.jpg 480w\" sizes=\"auto, (max-width: 1920px) 100vw, 1920px\" \/><div class=\"wp-block-cover__inner-container is-layout-flow wp-block-cover-is-layout-flow\">\n<h1 class=\"wp-block-heading has-text-align-center\">HIFU Focused Ultrasound<\/h1>\n<\/div><\/div>\n\n<h2 class=\"wp-block-heading has-text-align-center\">HIFU Focused Ultrasound<\/h2>\n\n<p>High Intensity Focused Ultrasound is used to re-tension the skin and obtain a lifting effect as well as to destroy the fat cells of the skin.<br\/><br\/><strong>Lift without surgery:<\/strong><br\/>Our latest generation Ultraskin\u00ae medical device will act at different levels depending on the depth of the shots to obtain a skin lift without surgery.<\/p>\n\n<ul class=\"wp-block-list\">\n<li>Action on the muscle (SMAS) to obtain stimulation and therefore a lifting effect.<\/li>\n\n\n\n<li>Action on the dermis of the skin: stimulation of collagen synthesis<\/li>\n<\/ul>\n\n<blockquote class=\"wp-block-quote is-layout-flow wp-block-quote-is-layout-flow\">\n<p><strong>Expected actions:<\/strong><\/p>\n\n\n\n<ul class=\"wp-block-list\">\n<li>Lifting and re-tensioning of the face skin<\/li>\n\n\n\n<li>Erasing wrinkles<\/li>\n\n\n\n<li>Tightening of pores, thus improving skin texture<\/li>\n<\/ul>\n<\/blockquote>\n\n<p><strong>Get Rid of Localized Fats Without Surgery:<\/strong><br\/>High Intensity ultrasound is capable of destroying the fat cells, located deeper.<br\/>They will target the adipose tissue to make localized roundness disappear.<\/p>\n\n<blockquote class=\"wp-block-quote is-layout-flow wp-block-quote-is-layout-flow\">\n<p><strong>xpected actions:<\/strong><\/p>\n\n\n\n<ul class=\"wp-block-list\">\n<li>Flat and firm belly<\/li>\n\n\n\n<li>Decrease in love handles<\/li>\n\n\n\n<li>Target and decrease the double chin<\/li>\n<\/ul>\n<\/blockquote>\n\n<p><strong>In total, this technique makes it possible to deal with the following problems:<br\/>Treat sagging skin on the face and body<br\/>Reduce wrinkles<br\/>Treat unsightly body curves<br\/>Treat double chin<\/strong><\/p>\n\n<p>A single treatment is sufficient in the majority of cases.<br\/>Duration of treatment 30 minutes<br\/>An lifting effect is immediatly visible and is reinforced after 2-3 months for facial indications.<br\/>For the body, the result appears after 4 to 6 weeks and becomes stronger in the following weeks.<br\/>For body treatments it is advisable to eat a healthy, balanced diet and to practice regular activity to enhance the effects of the treatment.<\/p>\n\n<blockquote class=\"wp-block-quote is-layout-flow wp-block-quote-is-layout-flow\">\n<p><strong>Things you should know:<\/strong><\/p>\n\n\n\n<ul class=\"wp-block-list\">\n<li>No social eviction.<\/li>\n\n\n\n<li>No side effects except redness which can last a few hours after the session.<\/li>\n\n\n\n<li>In general the treatment is painless, however for sensitive people we can use a local anesthesia about 40 minutes before or take paracetamol before the session.<\/li>\n\n\n\n<li>Clinical effect appears several weeks after the end of treatment due to the mode of action which produces a deep effect.<\/li>\n\n\n\n<li>For the face no HIFU treatment for 6 months after an injection of botulinum toxin or hyaluronic acid<\/li>\n<\/ul>\n<\/blockquote>\n\n<p>During a prior consultation, your expectations will be analyzed and all the explanations will be given to you as well as a quote to help you make your decision. Informational pamphlets about the prescribed procedures will be issued to you on the day of the consultation.<br\/>Informational pamphlets on the prescribed procedures will be issued to you on the day of the consultation.<\/p>\n\n<h2 class=\"wp-block-heading has-text-align-center\">Book a consultation<\/h2>\n\n\n    <div class=\"accordion-container accordion \" id=\"accordion presta-block_c0c42035f4977246af854259453bc41a\"> \n\t\t<div class=\"accordion-section \">\n\t\t\t<h3 class=\"accordion-section-title \">\n\t\t\t\tHIFU | Ultrasons Focalis\u00e9s\t\t\t\t\t\t\t<\/h3>\n\t\t\t<div class=\"accordion-section-content\"  >\n\t\t\t<table>\n\t\t\t<tbody>\n\t\t\t\t\n\t\t\t\t\t<tr>\n\t\t\t\t\t\t<td class=\" title\">\n\t\t\t\t\t\t\tConsultation with Dr Catherine Larnier<br \/>\n\t\t\t\t\t\t\t\t\t\t\t\t\t\t\t30 min<br \/>\n\t\t\t\t\t\t\t\t\t\t\t\t\t<\/td>\n\t\t\t\t\t\t<td class=\" price\">\n\t\t\t\t\t\t\t\t\t\t\t\t\t\t\t\t\t\t\t\t\t\t120.- CHF\n\t\t\t\t\t\t\t\t\t\t\t\t\t<\/td>\n\t\t\t\t\t\t<td class=\"buttons\">\n\t\t\t\t\t\t\t<div class=\"wp-block-buttons\">\n\t\t\t\t\t\t\t\t<div class=\"caln\">\n\t\t\t\t\t\t\t\t\t\t\t\t\t\t\t\t\t\t\t<div class=\"wp-block-button calendar\">\n\t\t\t\t\t\t\t\t\t\t\t<a class=\"wp-block-button__link wp-element-button\" href=\"https:\/\/agenda.otelina.ch\/nyon\/index.php?service=219\" target=\"_blank\" rel=\"noopener\">\n\t\t\t\t\t\t\t\t\t\t\t\tNyon\n\t\t\t\t\t\t\t\t\t\t\t<\/a>\n\t\t\t\t\t\t\t\t\t\t<\/div>\n\t\t\t\t\t\t\t\t\t\t\t\t\t\t\t\t\t<\/div>\n\t\t\t\t\t\t\t<\/div>\n\t\t\t\t\t\t<\/td>\t\n\t\t\t\t\t<\/tr>\t\n\t\t\t\t\n\t\t\t\t\t<tr>\n\t\t\t\t\t\t<td class=\" title\">\n\t\t\t\t\t\t\tHifu Ultraskin<br \/>\n\t\t\t\t\t\t\t\t\t\t\t\t\t\t\tAppareil m\u00e9dical Ultraskin, derni\u00e8re g\u00e9n\u00e9ration<br \/>\nLa s\u00e9ance : A partir de 500 CHF\/Zone<br \/>\nDur\u00e9e: 30 min<br \/>\n\t\t\t\t\t\t\t\t\t\t\t\t\t<\/td>\n\t\t\t\t\t\t<td class=\" price\">\n\t\t\t\t\t\t\t\t\t\t\t\t\t\t\t\t\t\t\t\t<\/td>\n\t\t\t\t\t\t<td class=\"buttons\">\n\t\t\t\t\t\t\t<div class=\"wp-block-buttons\">\n\t\t\t\t\t\t\t\t<div class=\"caln\">\n\t\t\t\t\t\t\t\t\t\t\t\t\t\t\t\t\t\t\t<div class=\"wp-block-button calendar\">\n\t\t\t\t\t\t\t\t\t\t\t<a class=\"wp-block-button__link wp-element-button\" href=\"https:\/\/agenda.otelina.ch\/nyon\/index.php?service=121\" target=\"_blank\" rel=\"noopener\">\n\t\t\t\t\t\t\t\t\t\t\t\tNyon\n\t\t\t\t\t\t\t\t\t\t\t<\/a>\n\t\t\t\t\t\t\t\t\t\t<\/div>\n\t\t\t\t\t\t\t\t\t\t\t\t\t\t\t\t\t<\/div>\n\t\t\t\t\t\t\t<\/div>\n\t\t\t\t\t\t<\/td>\t\n\t\t\t\t\t<\/tr>\t\n\t\t\t\t\t\t\t<\/tbody>\t\n\t\t\t<\/table>\n\t\t\t<\/div>\n\t\t<\/div>\n    <\/div>\n    \n<h2 class=\"wp-block-heading has-text-align-center\">For what expectations?<\/h2>\n\n\n\t\t<div class=\"block-liens  \" id=\" liens-block_cb0f84ad6a18640c7549f34be691403f\"> \n\t\t\t\t\t\t\t<span>\n\t\t\t\t\t<a href=\"https:\/\/www.otelina-medecine-esthetique.ch\/en\/our-expectations\/smooth-skin\/\">Have a smooth skin<\/a>\n\t\t\t\t<\/span>\n\t\t\t\t\t\t\t\t<span>\n\t\t\t\t\t<a href=\"https:\/\/www.otelina-medecine-esthetique.ch\/en\/our-expectations\/regain-a-radiant-complexion\/\">Regain a radiant complexion<\/a>\n\t\t\t\t<\/span>\n\t\t\t\t\t\t\t\t<span>\n\t\t\t\t\t<a href=\"https:\/\/www.otelina-medecine-esthetique.ch\/en\/our-expectations\/reduce-wrinkles\/\">Reduce wrinkles<\/a>\n\t\t\t\t<\/span>\n\t\t\t\t\t\t\t\t<span>\n\t\t\t\t\t<a href=\"https:\/\/www.otelina-medecine-esthetique.ch\/en\/our-expectations\/wrinkles-lion-forehead\/\">Treat the lion&#8217;s wrinkle and forehead wrinkles<\/a>\n\t\t\t\t<\/span>\n\t\t\t\t\t\t\t\t<span>\n\t\t\t\t\t<a href=\"https:\/\/www.otelina-medecine-esthetique.ch\/en\/our-expectations\/look-more-rested\/\">Look more rested<\/a>\n\t\t\t\t<\/span>\n\t\t\t\t\t\t\t\t<span>\n\t\t\t\t\t<a href=\"https:\/\/www.otelina-medecine-esthetique.ch\/en\/our-expectations\/treating-droopy-eyes\/\">Treating droopy eyes<\/a>\n\t\t\t\t<\/span>\n\t\t\t\t\t\t\t\t<span>\n\t\t\t\t\t<a href=\"https:\/\/www.otelina-medecine-esthetique.ch\/en\/our-expectations\/treating-sagging-face\/\">Treating sagging face<\/a>\n\t\t\t\t<\/span>\n\t\t\t\t\t\t\t\t<span>\n\t\t\t\t\t<a href=\"https:\/\/www.otelina-medecine-esthetique.ch\/en\/our-expectations\/treat-double-chin\/\">Treating a double chin<\/a>\n\t\t\t\t<\/span>\n\t\t\t\t\t\t\t\t<span>\n\t\t\t\t\t<a href=\"https:\/\/www.otelina-medecine-esthetique.ch\/en\/our-expectations\/firm-the-skin-of-my-body\/\">Firm the skin of my body<\/a>\n\t\t\t\t<\/span>\n\t\t\t\t\t\t\t\t<span>\n\t\t\t\t\t<a href=\"https:\/\/www.otelina-medecine-esthetique.ch\/en\/our-expectations\/lose-your-curves\/\">Lose your curves<\/a>\n\t\t\t\t<\/span>\n\t\t\t\t\t\t\t\t<span>\n\t\t\t\t\t<a href=\"https:\/\/www.otelina-medecine-esthetique.ch\/en\/our-expectations\/fighting-against-cellulite\/\">Fighting against cellulite<\/a>\n\t\t\t\t<\/span>\n\t\t\t\t\t\t\t\t<span>\n\t\t\t\t\t<a href=\"https:\/\/www.otelina-medecine-esthetique.ch\/en\/our-expectations\/losing-love-handles\/\">Losing love handles<\/a>\n\t\t\t\t<\/span>\n\t\t\t\t\t\t\t\t<span>\n\t\t\t\t\t<a href=\"https:\/\/www.otelina-medecine-esthetique.ch\/en\/our-expectations\/having-a-flat-belly\/\">Having a flat belly<\/a>\n\t\t\t\t<\/span>\n\t\t\t\t\t\t\t\t<span>\n\t\t\t\t\t<a href=\"https:\/\/www.otelina-medecine-esthetique.ch\/attentes\/lutter-contre-la-culotte-de-cheval\/\">Lutter contre la culotte de cheval<\/a>\n\t\t\t\t<\/span>\n\t\t\t\t\t\t\t\t<span>\n\t\t\t\t\t<a href=\"https:\/\/www.otelina-medecine-esthetique.ch\/en\/our-expectations\/reduce-stretch-marks\/\">Reduce stretch marks<\/a>\n\t\t\t\t<\/span>\n\t\t\t\t\t\t\t\t<span>\n\t\t\t\t\t<a href=\"https:\/\/www.otelina-medecine-esthetique.ch\/en\/our-expectations\/wrinkles-upper-lip\/\">Erase wrinkles on the upper lip<\/a>\n\t\t\t\t<\/span>\n\t\t\t\t\t\t<\/div>\n\t","protected":false},"excerpt":{"rendered":"<p>HIFU Focused Ultrasound High Intensity Focused Ultrasound is used to re-tension the skin and obtain a lifting effect as well as to destroy the fat cells of the skin. Lift without surgery:Our latest generation Ultraskin\u00ae medical device will act at different levels depending on the depth of the shots to obtain a skin lift without [&hellip;]<\/p>\n","protected":false},"author":1,"featured_media":2244,"parent":2880,"menu_order":0,"comment_status":"closed","ping_status":"closed","template":"","meta":{"_acf_changed":false,"_uag_custom_page_level_css":"","footnotes":""},"class_list":["post-2246","page","type-page","status-publish","has-post-thumbnail","hentry"],"acf":[],"uagb_featured_image_src":{"full":["https:\/\/www.otelina-medecine-esthetique.ch\/esthetic\/2023\/08\/hifu.jpg",1920,600,false],"thumbnail":["https:\/\/www.otelina-medecine-esthetique.ch\/esthetic\/2023\/08\/hifu-300x300.jpg",300,300,true],"medium":["https:\/\/www.otelina-medecine-esthetique.ch\/esthetic\/2023\/08\/hifu-600x188.jpg",600,188,true],"medium_large":["https:\/\/www.otelina-medecine-esthetique.ch\/esthetic\/2023\/08\/hifu-768x240.jpg",768,240,true],"large":["https:\/\/www.otelina-medecine-esthetique.ch\/esthetic\/2023\/08\/hifu-1024x320.jpg",1024,320,true],"1536x1536":["https:\/\/www.otelina-medecine-esthetique.ch\/esthetic\/2023\/08\/hifu-1536x480.jpg",1536,480,true],"2048x2048":["https:\/\/www.otelina-medecine-esthetique.ch\/esthetic\/2023\/08\/hifu.jpg",1920,600,false],"post-thumbnail":["https:\/\/www.otelina-medecine-esthetique.ch\/esthetic\/2023\/08\/hifu-300x225.jpg",300,225,true],"carre600":["https:\/\/www.otelina-medecine-esthetique.ch\/esthetic\/2023\/08\/hifu-600x600.jpg",600,600,true],"medium-dia":["https:\/\/www.otelina-medecine-esthetique.ch\/esthetic\/2023\/08\/hifu-800x250.jpg",800,250,true],"slider-xl":["https:\/\/www.otelina-medecine-esthetique.ch\/esthetic\/2023\/08\/hifu.jpg",1920,600,false],"slider-l":["https:\/\/www.otelina-medecine-esthetique.ch\/esthetic\/2023\/08\/hifu.jpg",1920,600,false],"slider-m":["https:\/\/www.otelina-medecine-esthetique.ch\/esthetic\/2023\/08\/hifu-960x300.jpg",960,300,true],"slider-s":["https:\/\/www.otelina-medecine-esthetique.ch\/esthetic\/2023\/08\/hifu-480x150.jpg",480,150,true],"gform-image-choice-sm":["https:\/\/www.otelina-medecine-esthetique.ch\/esthetic\/2023\/08\/hifu.jpg",300,94,false],"gform-image-choice-md":["https:\/\/www.otelina-medecine-esthetique.ch\/esthetic\/2023\/08\/hifu.jpg",400,125,false],"gform-image-choice-lg":["https:\/\/www.otelina-medecine-esthetique.ch\/esthetic\/2023\/08\/hifu.jpg",600,188,false]},"uagb_author_info":{"display_name":"webmaster","author_link":"https:\/\/www.otelina-medecine-esthetique.ch\/en\/blog\/author\/webadmini\/"},"uagb_comment_info":0,"uagb_excerpt":"HIFU Focused Ultrasound High Intensity Focused Ultrasound is used to re-tension the skin and obtain a lifting effect as well as to destroy the fat cells of the skin. Lift without surgery:Our latest generation Ultraskin\u00ae medical device will act at different levels depending on the depth of the shots to obtain a skin lift without&hellip;","_links":{"self":[{"href":"https:\/\/www.otelina-medecine-esthetique.ch\/en\/wp-json\/wp\/v2\/pages\/2246","targetHints":{"allow":["GET"]}}],"collection":[{"href":"https:\/\/www.otelina-medecine-esthetique.ch\/en\/wp-json\/wp\/v2\/pages"}],"about":[{"href":"https:\/\/www.otelina-medecine-esthetique.ch\/en\/wp-json\/wp\/v2\/types\/page"}],"author":[{"embeddable":true,"href":"https:\/\/www.otelina-medecine-esthetique.ch\/en\/wp-json\/wp\/v2\/users\/1"}],"replies":[{"embeddable":true,"href":"https:\/\/www.otelina-medecine-esthetique.ch\/en\/wp-json\/wp\/v2\/comments?post=2246"}],"version-history":[{"count":3,"href":"https:\/\/www.otelina-medecine-esthetique.ch\/en\/wp-json\/wp\/v2\/pages\/2246\/revisions"}],"predecessor-version":[{"id":3786,"href":"https:\/\/www.otelina-medecine-esthetique.ch\/en\/wp-json\/wp\/v2\/pages\/2246\/revisions\/3786"}],"up":[{"embeddable":true,"href":"https:\/\/www.otelina-medecine-esthetique.ch\/en\/wp-json\/wp\/v2\/pages\/2880"}],"wp:featuredmedia":[{"embeddable":true,"href":"https:\/\/www.otelina-medecine-esthetique.ch\/en\/wp-json\/wp\/v2\/media\/2244"}],"wp:attachment":[{"href":"https:\/\/www.otelina-medecine-esthetique.ch\/en\/wp-json\/wp\/v2\/media?parent=2246"}],"curies":[{"name":"wp","href":"https:\/\/api.w.org\/{rel}","templated":true}]}}