{"id":3554,"date":"2023-07-30T19:52:02","date_gmt":"2023-07-30T17:52:02","guid":{"rendered":"https:\/\/www.otelina-medecine-esthetique.ch\/consultations\/"},"modified":"2026-03-31T11:13:36","modified_gmt":"2026-03-31T09:13:36","slug":"consultations","status":"publish","type":"page","link":"https:\/\/www.otelina-medecine-esthetique.ch\/en\/consultations\/","title":{"rendered":"Consultations"},"content":{"rendered":"\n<div class=\"wp-block-cover alignfull is-light\"><img loading=\"lazy\" decoding=\"async\" width=\"1366\" height=\"768\" class=\"wp-block-cover__image-background wp-image-1915\" alt=\"\" src=\"https:\/\/www.otelina-medecine-esthetique.ch\/esthetic\/2023\/08\/consultation-medecine-esthetique.jpg\" data-object-fit=\"cover\" srcset=\"https:\/\/www.otelina-medecine-esthetique.ch\/esthetic\/2023\/08\/consultation-medecine-esthetique.jpg 1366w, https:\/\/www.otelina-medecine-esthetique.ch\/esthetic\/2023\/08\/consultation-medecine-esthetique-600x337.jpg 600w, https:\/\/www.otelina-medecine-esthetique.ch\/esthetic\/2023\/08\/consultation-medecine-esthetique-1024x576.jpg 1024w, https:\/\/www.otelina-medecine-esthetique.ch\/esthetic\/2023\/08\/consultation-medecine-esthetique-768x432.jpg 768w, https:\/\/www.otelina-medecine-esthetique.ch\/esthetic\/2023\/08\/consultation-medecine-esthetique-800x450.jpg 800w, https:\/\/www.otelina-medecine-esthetique.ch\/esthetic\/2023\/08\/consultation-medecine-esthetique-960x540.jpg 960w, https:\/\/www.otelina-medecine-esthetique.ch\/esthetic\/2023\/08\/consultation-medecine-esthetique-480x270.jpg 480w\" sizes=\"auto, (max-width: 1366px) 100vw, 1366px\" \/><span aria-hidden=\"true\" class=\"wp-block-cover__background has-background-dim\"><\/span><div class=\"wp-block-cover__inner-container is-layout-flow wp-block-cover-is-layout-flow\">\n<h1 class=\"wp-block-heading has-text-align-center\">Our Consultations<\/h1>\n<\/div><\/div>\n\n<h2 class=\"wp-block-heading has-text-align-center\">Book an appointment for a consultation<\/h2>\n\n<p>Our aesthetic physicians, dermatologists and gynecologists, are here to help you understand and meet your expectations.<\/p>\n\n<p>What do you need?<\/p>\n\n\n    <div class=\"accordion-container accordion opened \" id=\"accordion presta-block_0f1c4f00f4187feba49786d8b34f5268\"> \n\t\t<div class=\"accordion-section open\">\n\t\t\t<h3 class=\"accordion-section-title \">\n\t\t\t\tOur consultations\t\t\t\t\t\t\t<\/h3>\n\t\t\t<div class=\"accordion-section-content\" style=\"display: block;\" >\n\t\t\t<table>\n\t\t\t<tbody>\n\t\t\t\t\n\t\t\t\t\t<tr>\n\t\t\t\t\t\t<td class=\" title\">\n\t\t\t\t\t\t\tDermatological consultation<br \/>\n\t\t\t\t\t\t\t\t\t\t\t\t\t\t\tMeet our dermatologists. <br \/>\n\t\t\t\t\t\t\t\t\t\t\t\t\t<\/td>\n\t\t\t\t\t\t<td class=\" price\">\n\t\t\t\t\t\t\t\t\t\t\t\t\t\t\t\t\t\t\t\t\t\t120.- CHF\n\t\t\t\t\t\t\t\t\t\t\t\t\t<\/td>\n\t\t\t\t\t\t<td class=\"buttons\">\n\t\t\t\t\t\t\t<div class=\"wp-block-buttons\">\n\t\t\t\t\t\t\t\t<div class=\"caln\">\n\t\t\t\t\t\t\t\t\t\t\t\t\t\t\t\t\t\t\t<div class=\"wp-block-button calendar\">\n\t\t\t\t\t\t\t\t\t\t\t<a class=\"wp-block-button__link wp-element-button\" href=\"https:\/\/agenda.otelina.ch\/nyon\/index.php?service=386\" target=\"_blank\" rel=\"noopener\">\n\t\t\t\t\t\t\t\t\t\t\t\tNyon\n\t\t\t\t\t\t\t\t\t\t\t<\/a>\n\t\t\t\t\t\t\t\t\t\t<\/div>\n\t\t\t\t\t\t\t\t\t\t\t\t\t\t\t\t\t<\/div>\n\t\t\t\t\t\t\t<\/div>\n\t\t\t\t\t\t<\/td>\t\n\t\t\t\t\t<\/tr>\t\n\t\t\t\t\n\t\t\t\t\t<tr>\n\t\t\t\t\t\t<td class=\" title\">\n\t\t\t\t\t\t\tCosmetic surgery consultation<br \/>\n\t\t\t\t\t\t\t\t\t\t\t\t\t\t\tWith Dr Benadiba<br \/>\n\t\t\t\t\t\t\t\t\t\t\t\t\t<\/td>\n\t\t\t\t\t\t<td class=\" price\">\n\t\t\t\t\t\t\t\t\t\t\t\t\t\t\t\t\t\t\t\t\t\t150.- CHF\n\t\t\t\t\t\t\t\t\t\t\t\t\t<\/td>\n\t\t\t\t\t\t<td class=\"buttons\">\n\t\t\t\t\t\t\t<div class=\"wp-block-buttons\">\n\t\t\t\t\t\t\t\t<div class=\"caln\">\n\t\t\t\t\t\t\t\t\t\t\t\t\t\t\t\t\t\t\t<div class=\"wp-block-button calendar\">\n\t\t\t\t\t\t\t\t\t\t\t<a class=\"wp-block-button__link wp-element-button\" href=\"https:\/\/agenda.otelina.ch\/nyon\/index.php?service=477\" target=\"_blank\" rel=\"noopener\">\n\t\t\t\t\t\t\t\t\t\t\t\tNyon\n\t\t\t\t\t\t\t\t\t\t\t<\/a>\n\t\t\t\t\t\t\t\t\t\t<\/div>\n\t\t\t\t\t\t\t\t\t\t\t\t\t\t\t\t\t<\/div>\n\t\t\t\t\t\t\t<\/div>\n\t\t\t\t\t\t<\/td>\t\n\t\t\t\t\t<\/tr>\t\n\t\t\t\t\n\t\t\t\t\t<tr>\n\t\t\t\t\t\t<td class=\" title\">\n\t\t\t\t\t\t\tConsultation of the intimate sphere<br \/>\n\t\t\t\t\t\t\t\t\t\t\t\t\t\t\tMeet our doctors to discuss the solutions available to combat bladder weakness, vaginal dryness and much more&#8230;<br \/>\n\t\t\t\t\t\t\t\t\t\t\t\t\t<\/td>\n\t\t\t\t\t\t<td class=\" price\">\n\t\t\t\t\t\t\t\t\t\t\t\t\t\t\t\t\t\t\t\t\t\t120.- CHF\n\t\t\t\t\t\t\t\t\t\t\t\t\t<\/td>\n\t\t\t\t\t\t<td class=\"buttons\">\n\t\t\t\t\t\t\t<div class=\"wp-block-buttons\">\n\t\t\t\t\t\t\t\t<div class=\"caln\">\n\t\t\t\t\t\t\t\t\t\t\t\t\t\t\t\t\t\t\t<div class=\"wp-block-button calendar\">\n\t\t\t\t\t\t\t\t\t\t\t<a class=\"wp-block-button__link wp-element-button\" href=\"https:\/\/agenda.otelina.ch\/nyon\/index.php?service=425\" target=\"_blank\" rel=\"noopener\">\n\t\t\t\t\t\t\t\t\t\t\t\tNyon\n\t\t\t\t\t\t\t\t\t\t\t<\/a>\n\t\t\t\t\t\t\t\t\t\t<\/div>\n\t\t\t\t\t\t\t\t\t\t\t\t\t\t\t\t\t<\/div>\n\t\t\t\t\t\t\t<\/div>\n\t\t\t\t\t\t<\/td>\t\n\t\t\t\t\t<\/tr>\t\n\t\t\t\t\n\t\t\t\t\t<tr>\n\t\t\t\t\t\t<td class=\" title\">\n\t\t\t\t\t\t\tConsultation Acn\u00e9<br \/>\n\t\t\t\t\t\t\t\t\t\t\t\t\t\t\tFor skin prone to imperfections.<br \/>\n\t\t\t\t\t\t\t\t\t\t\t\t\t<\/td>\n\t\t\t\t\t\t<td class=\" price\">\n\t\t\t\t\t\t\t\t\t\t\t\t\t\t\t\t\t\t\t\t\t\t120.- CHF\n\t\t\t\t\t\t\t\t\t\t\t\t\t<\/td>\n\t\t\t\t\t\t<td class=\"buttons\">\n\t\t\t\t\t\t\t<div class=\"wp-block-buttons\">\n\t\t\t\t\t\t\t\t<div class=\"caln\">\n\t\t\t\t\t\t\t\t\t\t\t\t\t\t\t\t\t\t\t<div class=\"wp-block-button calendar\">\n\t\t\t\t\t\t\t\t\t\t\t<a class=\"wp-block-button__link wp-element-button\" href=\"https:\/\/agenda.otelina.ch\/nyon\/index.php?service=387\" target=\"_blank\" rel=\"noopener\">\n\t\t\t\t\t\t\t\t\t\t\t\tNyon\n\t\t\t\t\t\t\t\t\t\t\t<\/a>\n\t\t\t\t\t\t\t\t\t\t<\/div>\n\t\t\t\t\t\t\t\t\t\t\t\t\t\t\t\t\t<\/div>\n\t\t\t\t\t\t\t<\/div>\n\t\t\t\t\t\t<\/td>\t\n\t\t\t\t\t<\/tr>\t\n\t\t\t\t\n\t\t\t\t\t<tr>\n\t\t\t\t\t\t<td class=\" title\">\n\t\t\t\t\t\t\tAesthetic Consultation<br \/>\n\t\t\t\t\t\t\t\t\t\t\t\t\t\t\tFor all injection requests, beauty and anti-aging treatments.<br \/>\n\t\t\t\t\t\t\t\t\t\t\t\t\t<\/td>\n\t\t\t\t\t\t<td class=\" price\">\n\t\t\t\t\t\t\t\t\t\t\t\t\t\t\t\t\t\t\t\t\t\t120.- CHF\n\t\t\t\t\t\t\t\t\t\t\t\t\t<\/td>\n\t\t\t\t\t\t<td class=\"buttons\">\n\t\t\t\t\t\t\t<div class=\"wp-block-buttons\">\n\t\t\t\t\t\t\t\t<div class=\"caln\">\n\t\t\t\t\t\t\t\t\t\t\t\t\t\t\t\t\t\t\t<div class=\"wp-block-button calendar\">\n\t\t\t\t\t\t\t\t\t\t\t<a class=\"wp-block-button__link wp-element-button\" href=\"https:\/\/agenda.otelina.ch\/nyon\/index.php?service=388\" target=\"_blank\" rel=\"noopener\">\n\t\t\t\t\t\t\t\t\t\t\t\tNyon\n\t\t\t\t\t\t\t\t\t\t\t<\/a>\n\t\t\t\t\t\t\t\t\t\t<\/div>\n\t\t\t\t\t\t\t\t\t\t\t\t\t\t\t\t\t<\/div>\n\t\t\t\t\t\t\t<\/div>\n\t\t\t\t\t\t<\/td>\t\n\t\t\t\t\t<\/tr>\t\n\t\t\t\t\n\t\t\t\t\t<tr>\n\t\t\t\t\t\t<td class=\" title\">\n\t\t\t\t\t\t\tConsultation D\u00e9tatouage<br \/>\n\t\t\t\t\t\t\t\t\t\t\t\t\t<\/td>\n\t\t\t\t\t\t<td class=\" price\">\n\t\t\t\t\t\t\t\t\t\t\t\t\t\t\t\t\t\t\t\t\t\t120.- CHF\n\t\t\t\t\t\t\t\t\t\t\t\t\t<\/td>\n\t\t\t\t\t\t<td class=\"buttons\">\n\t\t\t\t\t\t\t<div class=\"wp-block-buttons\">\n\t\t\t\t\t\t\t\t<div class=\"caln\">\n\t\t\t\t\t\t\t\t\t\t\t\t\t\t\t\t\t\t\t<div class=\"wp-block-button calendar\">\n\t\t\t\t\t\t\t\t\t\t\t<a class=\"wp-block-button__link wp-element-button\" href=\"https:\/\/agenda.otelina.ch\/nyon\/index.php?service=389\" target=\"_blank\" rel=\"noopener\">\n\t\t\t\t\t\t\t\t\t\t\t\tNyon\n\t\t\t\t\t\t\t\t\t\t\t<\/a>\n\t\t\t\t\t\t\t\t\t\t<\/div>\n\t\t\t\t\t\t\t\t\t\t\t\t\t\t\t\t\t<\/div>\n\t\t\t\t\t\t\t<\/div>\n\t\t\t\t\t\t<\/td>\t\n\t\t\t\t\t<\/tr>\t\n\t\t\t\t\n\t\t\t\t\t<tr>\n\t\t\t\t\t\t<td class=\" title\">\n\t\t\t\t\t\t\tConsultation \u00e9pilation d\u00e9finitive<br \/>\n\t\t\t\t\t\t\t\t\t\t\t\t\t\t\tTo say goodbye to unsightly hair.<br \/>\n\t\t\t\t\t\t\t\t\t\t\t\t\t<\/td>\n\t\t\t\t\t\t<td class=\" price\">\n\t\t\t\t\t\t\t\t\t\t\t\t\t\t\t\t\t\t\t\t<\/td>\n\t\t\t\t\t\t<td class=\"buttons\">\n\t\t\t\t\t\t\t<div class=\"wp-block-buttons\">\n\t\t\t\t\t\t\t\t<div class=\"caln\">\n\t\t\t\t\t\t\t\t\t\t\t\t\t\t\t\t\t\t\t<div class=\"wp-block-button calendar\">\n\t\t\t\t\t\t\t\t\t\t\t<a class=\"wp-block-button__link wp-element-button\" href=\"https:\/\/agenda.otelina.ch\/nyon\/index.php?service=221\" target=\"_blank\" rel=\"noopener\">\n\t\t\t\t\t\t\t\t\t\t\t\tNyon\n\t\t\t\t\t\t\t\t\t\t\t<\/a>\n\t\t\t\t\t\t\t\t\t\t<\/div>\n\t\t\t\t\t\t\t\t\t\t\t\t\t\t\t\t\t<\/div>\n\t\t\t\t\t\t\t<\/div>\n\t\t\t\t\t\t<\/td>\t\n\t\t\t\t\t<\/tr>\t\n\t\t\t\t\n\t\t\t\t\t<tr>\n\t\t\t\t\t\t<td class=\" title\">\n\t\t\t\t\t\t\tRemodeling consultation<br \/>\n\t\t\t\t\t\t\t\t\t\t\t\t\t\t\tTo treat the silhouette and cellulite.<br \/>\n\t\t\t\t\t\t\t\t\t\t\t\t\t<\/td>\n\t\t\t\t\t\t<td class=\" price\">\n\t\t\t\t\t\t\t\t\t\t\t\t\t\t\t\t\t\t\t\t\t\t80.- CHF\n\t\t\t\t\t\t\t\t\t\t\t\t\t<\/td>\n\t\t\t\t\t\t<td class=\"buttons\">\n\t\t\t\t\t\t\t<div class=\"wp-block-buttons\">\n\t\t\t\t\t\t\t\t<div class=\"caln\">\n\t\t\t\t\t\t\t\t\t\t\t\t\t\t\t\t\t\t\t<div class=\"wp-block-button calendar\">\n\t\t\t\t\t\t\t\t\t\t\t<a class=\"wp-block-button__link wp-element-button\" href=\"https:\/\/agenda.otelina.ch\/nyon\/index.php?service=222\" target=\"_blank\" rel=\"noopener\">\n\t\t\t\t\t\t\t\t\t\t\t\tNyon\n\t\t\t\t\t\t\t\t\t\t\t<\/a>\n\t\t\t\t\t\t\t\t\t\t<\/div>\n\t\t\t\t\t\t\t\t\t\t\t\t\t\t\t\t\t<\/div>\n\t\t\t\t\t\t\t<\/div>\n\t\t\t\t\t\t<\/td>\t\n\t\t\t\t\t<\/tr>\t\n\t\t\t\t\n\t\t\t\t\t<tr>\n\t\t\t\t\t\t<td class=\" title\">\n\t\t\t\t\t\t\tPermanent makeup consultation<br \/>\n\t\t\t\t\t\t\t\t\t\t\t\t\t\t\tConsultation avec nos sp\u00e9cialistes du maquillage permanent<br \/>\nCette consultation vous est offerte en cas de prestation command\u00e9e le jour de la consultation. <br \/>\nDur\u00e9e 30 min<br \/>\n\t\t\t\t\t\t\t\t\t\t\t\t\t<\/td>\n\t\t\t\t\t\t<td class=\" price\">\n\t\t\t\t\t\t\t\t\t\t\t\t\t\t\t\t\t\t\t\t\t\t50.- CHF\n\t\t\t\t\t\t\t\t\t\t\t\t\t<\/td>\n\t\t\t\t\t\t<td class=\"buttons\">\n\t\t\t\t\t\t\t<div class=\"wp-block-buttons\">\n\t\t\t\t\t\t\t\t<div class=\"caln\">\n\t\t\t\t\t\t\t\t\t\t\t\t\t\t\t\t\t\t\t<div class=\"wp-block-button calendar\">\n\t\t\t\t\t\t\t\t\t\t\t<a class=\"wp-block-button__link wp-element-button\" href=\"https:\/\/agenda.otelina.ch\/nyon\/index.php?service=223\" target=\"_blank\" rel=\"noopener\">\n\t\t\t\t\t\t\t\t\t\t\t\tNyon\n\t\t\t\t\t\t\t\t\t\t\t<\/a>\n\t\t\t\t\t\t\t\t\t\t<\/div>\n\t\t\t\t\t\t\t\t\t\t\t\t\t\t\t\t\t<\/div>\n\t\t\t\t\t\t\t<\/div>\n\t\t\t\t\t\t<\/td>\t\n\t\t\t\t\t<\/tr>\t\n\t\t\t\t\t\t\t<\/tbody>\t\n\t\t\t<\/table>\n\t\t\t<\/div>\n\t\t<\/div>\n    <\/div>\n    \n<p>Our consultations, even dermatological ones, are not covered by health insurance.<\/p>\n\n<p>\/<\/p>\n\n<div class=\"wp-block-uagb-container uagb-block-96797bf2 alignfull uagb-is-root-container\">\n<h2 class=\"wp-block-heading has-text-align-center\">Notre \u00e9quipe<\/h2>\n\n\n\n<p class=\"has-text-align-center has-large-font-size\"><br>Une \u00e9quipe professionnelle sp\u00e9cialiste de la peau,<br>des cheveux et de la sph\u00e8re intime<br>pour des solutions m\u00e9dicales esth\u00e9tiques <br>chirurgicales et non chirurgicales<\/p>\n\n\n\n<p class=\"has-text-align-center has-large-font-size\"><\/p>\n\n\n\n<div class=\"wp-block-uagb-container uagb-layout-flex uagb-block-18249a02 alignfull uagb-is-root-container\"><div class=\"uagb-container__shape uagb-container__shape-top\"><svg xmlns=\"https:\/\/www.w3.org\/2000\/svg\" viewBox=\"0 0 1000 100\" preserveAspectRatio=\"none\"><path class=\"uagb-container__shape-fill\" opacity=\"0.33\" d=\"M473,67.3c-203.9,88.3-263.1-34-320.3,0C66,119.1,0,59.7,0,59.7V0h1000v59.7 c0,0-62.1,26.1-94.9,29.3c-32.8,3.3-62.8-12.3-75.8-22.1C806,49.6,745.3,8.7,694.9,4.7S492.4,59,473,67.3z\"><\/path><path class=\"uagb-container__shape-fill\" opacity=\"0.66\" d=\"M734,67.3c-45.5,0-77.2-23.2-129.1-39.1c-28.6-8.7-150.3-10.1-254,39.1 s-91.7-34.4-149.2,0C115.7,118.3,0,39.8,0,39.8V0h1000v36.5c0,0-28.2-18.5-92.1-18.5C810.2,18.1,775.7,67.3,734,67.3z\"><\/path><path class=\"uagb-container__shape-fill\" d=\"M766.1,28.9c-200-57.5-266,65.5-395.1,19.5C242,1.8,242,5.4,184.8,20.6C128,35.8,132.3,44.9,89.9,52.5C28.6,63.7,0,0,0,0 h1000c0,0-9.9,40.9-83.6,48.1S829.6,47,766.1,28.9z\"><\/path><\/svg><\/div><div class=\"uagb-container__shape uagb-container__shape-bottom uagb-container__invert\" data-negative=\"false\"><svg xmlns=\"https:\/\/www.w3.org\/2000\/svg\" viewBox=\"0 0 1000 100\" preserveAspectRatio=\"none\"><path class=\"uagb-container__shape-fill\" opacity=\"0.33\" d=\"M473,67.3c-203.9,88.3-263.1-34-320.3,0C66,119.1,0,59.7,0,59.7V0h1000v59.7 c0,0-62.1,26.1-94.9,29.3c-32.8,3.3-62.8-12.3-75.8-22.1C806,49.6,745.3,8.7,694.9,4.7S492.4,59,473,67.3z\"><\/path><path class=\"uagb-container__shape-fill\" opacity=\"0.66\" d=\"M734,67.3c-45.5,0-77.2-23.2-129.1-39.1c-28.6-8.7-150.3-10.1-254,39.1 s-91.7-34.4-149.2,0C115.7,118.3,0,39.8,0,39.8V0h1000v36.5c0,0-28.2-18.5-92.1-18.5C810.2,18.1,775.7,67.3,734,67.3z\"><\/path><path class=\"uagb-container__shape-fill\" d=\"M766.1,28.9c-200-57.5-266,65.5-395.1,19.5C242,1.8,242,5.4,184.8,20.6C128,35.8,132.3,44.9,89.9,52.5C28.6,63.7,0,0,0,0 h1000c0,0-9.9,40.9-83.6,48.1S829.6,47,766.1,28.9z\"><\/path><\/svg><\/div><div class=\"uagb-container-inner-blocks-wrap\">\n<div class=\"wp-block-uagb-container uagb-block-cc6232a0\">\n<div class=\"wp-block-uagb-container uagb-block-acbfad21\">\n<h3 class=\"wp-block-heading has-text-align-center\" style=\"margin-top:0;margin-bottom:0;padding-top:0;padding-bottom:0\"><a href=\"https:\/\/www.otelina-medecine-esthetique.ch\/dr-catherine-larnier\/\" data-type=\"page\" data-id=\"5510\">Dr Catherine Larnier<\/a><\/h3>\n<\/div>\n\n\n\n<div class=\"wp-block-uagb-image uagb-block-ecc853d3 wp-block-uagb-image--layout-default wp-block-uagb-image--effect-zoomin wp-block-uagb-image--align-none\"><figure class=\"wp-block-uagb-image__figure\"><a class=\"\" href=\"https:\/\/www.otelina-medecine-esthetique.ch\/dr-catherine-larnier\/\" target=\"\" rel=\"noopener\"><img decoding=\"async\" srcset=\"https:\/\/www.otelina-medecine-esthetique.ch\/esthetic\/2025\/12\/docteur-catherine-larnier-2.jpg ,https:\/\/www.otelina-medecine-esthetique.ch\/esthetic\/2025\/12\/docteur-catherine-larnier-2.jpg 780w, https:\/\/www.otelina-medecine-esthetique.ch\/esthetic\/2025\/12\/docteur-catherine-larnier-2.jpg 360w\" sizes=\"auto, (max-width: 480px) 150px\" src=\"https:\/\/www.otelina-medecine-esthetique.ch\/esthetic\/2025\/12\/docteur-catherine-larnier-2.jpg\" alt=\"Dr Catherine Larnier\" class=\"uag-image-5473\" width=\"900\" height=\"900\" title=\"docteur-catherine-larnier-2\" loading=\"lazy\" role=\"img\"\/><\/a><\/figure><\/div>\n\n\n\n<p class=\"has-text-align-center has-normal-font-size\"><a href=\"https:\/\/www.otelina-medecine-esthetique.ch\/dr-catherine-larnier\/\" data-type=\"page\" data-id=\"5510\">M\u00e9decin Sp\u00e9cialiste FMH en<br>dermatologie et v\u00e9n\u00e9r\u00e9ologie<br>M\u00e9decin esth\u00e9tique<br>Praticien Laser<\/a><\/p>\n\n\n\n<div class=\"wp-block-buttons is-content-justification-center is-layout-flex wp-container-core-buttons-is-layout-06fdf436 wp-block-buttons-is-layout-flex\" style=\"margin-top:0;margin-bottom:0;padding-top:0;padding-bottom:0\">\n<div class=\"wp-block-button is-style-fill\"><a class=\"wp-block-button__link has-text-align-center wp-element-button\" href=\"https:\/\/www.otelina-medecine-esthetique.ch\/dr-catherine-larnier\/\">plus d&#8217;infos<\/a><\/div>\n<\/div>\n<\/div>\n\n\n\n<div class=\"wp-block-uagb-container uagb-block-9d0f2359\">\n<div class=\"wp-block-uagb-container uagb-block-fa9e9723\">\n<h3 class=\"wp-block-heading has-text-align-center\" style=\"margin-top:0;margin-bottom:0;padding-top:0;padding-bottom:0\"><a href=\"https:\/\/www.otelina-medecine-esthetique.ch\/dr-laurent-benadiba\/\" data-type=\"page\" data-id=\"5498\">Dr Laurent Benadiba<\/a><\/h3>\n<\/div>\n\n\n\n<div class=\"wp-block-uagb-image uagb-block-9869fbff wp-block-uagb-image--layout-default wp-block-uagb-image--effect-zoomin wp-block-uagb-image--align-none\"><figure class=\"wp-block-uagb-image__figure\"><a class=\"\" href=\"https:\/\/www.otelina-medecine-esthetique.ch\/dr-laurent-benadiba\/\" target=\"\" rel=\"noopener\"><img decoding=\"async\" srcset=\"https:\/\/www.otelina-medecine-esthetique.ch\/esthetic\/2025\/12\/Docteur-Laurent-Benadiba.jpg ,https:\/\/www.otelina-medecine-esthetique.ch\/esthetic\/2025\/12\/Docteur-Laurent-Benadiba.jpg 780w, https:\/\/www.otelina-medecine-esthetique.ch\/esthetic\/2025\/12\/Docteur-Laurent-Benadiba.jpg 360w\" sizes=\"auto, (max-width: 480px) 150px\" src=\"https:\/\/www.otelina-medecine-esthetique.ch\/esthetic\/2025\/12\/Docteur-Laurent-Benadiba.jpg\" alt=\"Docteur-Laurent-Benadiba\" class=\"uag-image-5475\" width=\"899\" height=\"899\" title=\"\" loading=\"lazy\" role=\"img\"\/><\/a><\/figure><\/div>\n\n\n\n<p class=\"has-text-align-center has-normal-font-size\"><a href=\"https:\/\/www.otelina-medecine-esthetique.ch\/dr-laurent-benadiba\/\">Consultations de<br>Chirurgie esth\u00e9tique<br>Sph\u00e8re intime<\/a><\/p>\n\n\n\n<div class=\"wp-block-buttons is-content-justification-center is-layout-flex wp-container-core-buttons-is-layout-3911c423 wp-block-buttons-is-layout-flex\" style=\"margin-top:0;margin-bottom:0;padding-top:0;padding-bottom:0\">\n<div class=\"wp-block-button is-style-fill\"><a class=\"wp-block-button__link has-text-align-center wp-element-button\" href=\"https:\/\/www.otelina-medecine-esthetique.ch\/dr-laurent-benadiba\/\">plus d&#8217;infos<\/a><\/div>\n<\/div>\n<\/div>\n\n\n\n<div class=\"wp-block-uagb-container uagb-block-af95e1c3\">\n<div class=\"wp-block-uagb-container uagb-block-29ed564d\">\n<h3 class=\"wp-block-heading has-text-align-center\" style=\"margin-top:0;margin-bottom:0;padding-top:0;padding-bottom:0\">Elodie<\/h3>\n<\/div>\n\n\n\n<div class=\"wp-block-uagb-image uagb-block-88c83d8b wp-block-uagb-image--layout-default wp-block-uagb-image--effect-zoomin wp-block-uagb-image--align-none\"><figure class=\"wp-block-uagb-image__figure\"><img decoding=\"async\" srcset=\"https:\/\/www.otelina-medecine-esthetique.ch\/esthetic\/2025\/12\/elodie.jpg ,https:\/\/www.otelina-medecine-esthetique.ch\/esthetic\/2025\/12\/elodie.jpg 780w, https:\/\/www.otelina-medecine-esthetique.ch\/esthetic\/2025\/12\/elodie.jpg 360w\" sizes=\"auto, (max-width: 480px) 150px\" src=\"https:\/\/www.otelina-medecine-esthetique.ch\/esthetic\/2025\/12\/elodie.jpg\" alt=\"Elodie, Esth\u00e9ticienne Las\u00e9riste\" class=\"uag-image-5471\" width=\"900\" height=\"900\" title=\"elodie\" loading=\"lazy\" role=\"img\"\/><\/figure><\/div>\n\n\n\n<p class=\"has-text-align-center has-normal-font-size\">Esth\u00e9ticienne<br>Las\u00e9riste<\/p>\n<\/div>\n<\/div><\/div>\n<\/div>\n","protected":false},"excerpt":{"rendered":"<p>Book an appointment for a consultation Our aesthetic physicians, dermatologists and gynecologists, are here to help you understand and meet your expectations. What do you need? Our consultations, even dermatological ones, are not covered by health insurance. \/<\/p>\n","protected":false},"author":1,"featured_media":0,"parent":0,"menu_order":0,"comment_status":"closed","ping_status":"closed","template":"","meta":{"_acf_changed":false,"_uag_custom_page_level_css":"","footnotes":""},"class_list":["post-3554","page","type-page","status-publish","hentry"],"acf":[],"uagb_featured_image_src":{"full":false,"thumbnail":false,"medium":false,"medium_large":false,"large":false,"1536x1536":false,"2048x2048":false,"post-thumbnail":false,"carre600":false,"medium-dia":false,"slider-xl":false,"slider-l":false,"slider-m":false,"slider-s":false,"gform-image-choice-sm":false,"gform-image-choice-md":false,"gform-image-choice-lg":false},"uagb_author_info":{"display_name":"webmaster","author_link":"https:\/\/www.otelina-medecine-esthetique.ch\/en\/blog\/author\/webadmini\/"},"uagb_comment_info":0,"uagb_excerpt":"Book an appointment for a consultation Our aesthetic physicians, dermatologists and gynecologists, are here to help you understand and meet your expectations. What do you need? Our consultations, even dermatological ones, are not covered by health insurance. \/","_links":{"self":[{"href":"https:\/\/www.otelina-medecine-esthetique.ch\/en\/wp-json\/wp\/v2\/pages\/3554","targetHints":{"allow":["GET"]}}],"collection":[{"href":"https:\/\/www.otelina-medecine-esthetique.ch\/en\/wp-json\/wp\/v2\/pages"}],"about":[{"href":"https:\/\/www.otelina-medecine-esthetique.ch\/en\/wp-json\/wp\/v2\/types\/page"}],"author":[{"embeddable":true,"href":"https:\/\/www.otelina-medecine-esthetique.ch\/en\/wp-json\/wp\/v2\/users\/1"}],"replies":[{"embeddable":true,"href":"https:\/\/www.otelina-medecine-esthetique.ch\/en\/wp-json\/wp\/v2\/comments?post=3554"}],"version-history":[{"count":4,"href":"https:\/\/www.otelina-medecine-esthetique.ch\/en\/wp-json\/wp\/v2\/pages\/3554\/revisions"}],"predecessor-version":[{"id":5859,"href":"https:\/\/www.otelina-medecine-esthetique.ch\/en\/wp-json\/wp\/v2\/pages\/3554\/revisions\/5859"}],"wp:attachment":[{"href":"https:\/\/www.otelina-medecine-esthetique.ch\/en\/wp-json\/wp\/v2\/media?parent=3554"}],"curies":[{"name":"wp","href":"https:\/\/api.w.org\/{rel}","templated":true}]}}