{"id":3855,"date":"2023-07-30T19:49:28","date_gmt":"2023-07-30T17:49:28","guid":{"rendered":"https:\/\/www.otelina-medecine-esthetique.ch\/otelina-solutions\/mesopecia\/"},"modified":"2024-04-10T11:05:57","modified_gmt":"2024-04-10T09:05:57","slug":"mesopecia","status":"publish","type":"page","link":"https:\/\/www.otelina-medecine-esthetique.ch\/en\/otelina-solutions\/mesopecia\/","title":{"rendered":"Mesopecia"},"content":{"rendered":"\n<div class=\"wp-block-cover alignfull is-light\"><span aria-hidden=\"true\" class=\"wp-block-cover__background has-background-dim\"><\/span><img loading=\"lazy\" decoding=\"async\" width=\"1920\" height=\"600\" class=\"wp-block-cover__image-background wp-image-3842\" alt=\"\" src=\"https:\/\/www.otelina-medecine-esthetique.ch\/esthetic\/2023\/10\/mesopecie.jpg\" data-object-fit=\"cover\" srcset=\"https:\/\/www.otelina-medecine-esthetique.ch\/esthetic\/2023\/10\/mesopecie.jpg 1920w, https:\/\/www.otelina-medecine-esthetique.ch\/esthetic\/2023\/10\/mesopecie-600x188.jpg 600w, https:\/\/www.otelina-medecine-esthetique.ch\/esthetic\/2023\/10\/mesopecie-1024x320.jpg 1024w, https:\/\/www.otelina-medecine-esthetique.ch\/esthetic\/2023\/10\/mesopecie-768x240.jpg 768w, https:\/\/www.otelina-medecine-esthetique.ch\/esthetic\/2023\/10\/mesopecie-1536x480.jpg 1536w, https:\/\/www.otelina-medecine-esthetique.ch\/esthetic\/2023\/10\/mesopecie-800x250.jpg 800w, https:\/\/www.otelina-medecine-esthetique.ch\/esthetic\/2023\/10\/mesopecie-960x300.jpg 960w, https:\/\/www.otelina-medecine-esthetique.ch\/esthetic\/2023\/10\/mesopecie-480x150.jpg 480w\" sizes=\"auto, (max-width: 1920px) 100vw, 1920px\" \/><div class=\"wp-block-cover__inner-container is-layout-flow wp-block-cover-is-layout-flow\">\n<h1 class=\"wp-block-heading has-text-align-center\">Mesopecia<\/h1>\n<\/div><\/div>\n\n<h2 class=\"wp-block-heading has-text-align-center\">Mesopecia<\/h2>\n\n<p>Men and women lose an average of 100 and 150 hairs a day. This hair is then constantly renewed. However, hair loss can be disturbing in some cases. External aggressors such as pollution, stress or unsuitable hair care products can weaken your hair and lead to premature loss.<\/p>\n\n<p><strong>Mesopecia<\/strong> is an effective treatment for reducing hair loss. It is also ideal for treating dull hair and irritated scalps, so its indications are many and varied.<\/p>\n\n<p>Injections are performed over the entire upper part of the scalp to ensure optimal diffusion of the product throughout the scalp. This also enables all affected areas to be targeted at the same time, for fast, long-lasting results. So if you&#8217;re looking for a powerful, natural solution to regain your beautiful, strong, shiny hair, Mesopecie is the solution you need.<\/p>\n\n<p>Recommended for both men and women, this method has been proving its effectiveness for many years.<\/p>\n\n<blockquote class=\"wp-block-quote is-layout-flow wp-block-quote-is-layout-flow\">\n<p><strong>The expected results:<\/strong><\/p>\n\n\n\n<ul class=\"wp-block-list\">\n<li>Slower hair loss<\/li>\n\n\n\n<li>Improved hair quality<\/li>\n\n\n\n<li>Stimulating hair regrowth<\/li>\n<\/ul>\n<\/blockquote>\n\n<p><strong>Things you should know :<\/strong><\/p>\n\n<ul class=\"wp-block-list\">\n<li>It is recommended to start with an attack treatment consisting of 4 sessions, spaced 15 days apart.<\/li>\n\n\n\n<li>A maintenance session is recommended in order to maintain and potentiate the benefits of the initial treatment, this once every 2 to 3 months.<\/li>\n\n\n\n<li>After the session it is not recommended to apply products to the skin for 12 hours.<\/li>\n\n\n\n<li>The next day you can return to your daily care habits to maintain the effects of the session.<\/li>\n\n\n\n<li>A small hematoma, edema and redness may appear after the session.<\/li>\n\n\n\n<li>Combining Mesopecie with LED light can help stimulate the scalp by increasing blood flow to this area. This can promote faster hair growth and strengthen hair roots.<\/li>\n<\/ul>\n\n<p>During a preliminary consultation your expectations will be analyzed and all the explanations will be given to you as well as a quote to help you make your decision. Informational pamphlets about the prescribed procedures will be issued to you on the day of the consultation. Informational pamphlets on the prescribed procedures will be issued to you on the day of the consultation.<\/p>\n\n\n    <div class=\"accordion-container accordion \" id=\"accordion presta-block_5f56017886530df4706fded9e80303d8\"> \n\t\t<div class=\"accordion-section \">\n\t\t\t<h3 class=\"accordion-section-title \">\n\t\t\t\tM\u00e9sop\u00e9cie et lumi\u00e8re LED\t\t\t\t\t\t\t<\/h3>\n\t\t\t<div class=\"accordion-section-content\"  >\n\t\t\t<table>\n\t\t\t<tbody>\n\t\t\t\t\n\t\t\t\t\t<tr>\n\t\t\t\t\t\t<td class=\" title\">\n\t\t\t\t\t\t\tHair loss &#8211; Mesopecia &#8211; The session<br \/>\n\t\t\t\t\t\t\t\t\t\t\t\t\t\t\tStop hair loss<br \/>\r\nMesopecia<br \/>\r\n30-minute session<br \/>\n\t\t\t\t\t\t\t\t\t\t\t\t\t<\/td>\n\t\t\t\t\t\t<td class=\" price\">\n\t\t\t\t\t\t\t\t\t\t\t\t\t\t\t\t\t\t\t\t\t\t200.- CHF\n\t\t\t\t\t\t\t\t\t\t\t\t\t<\/td>\n\t\t\t\t\t\t<td class=\"buttons\">\n\t\t\t\t\t\t\t<div class=\"wp-block-buttons\">\n\t\t\t\t\t\t\t\t<div class=\"caln\">\n\t\t\t\t\t\t\t\t\t\t\t\t\t\t\t\t\t\t\t<div class=\"wp-block-button calendar\">\n\t\t\t\t\t\t\t\t\t\t\t<a class=\"wp-block-button__link wp-element-button\" href=\"https:\/\/agenda.otelina.ch\/nyon\/index.php?service=231\" target=\"_blank\" rel=\"noopener\">\n\t\t\t\t\t\t\t\t\t\t\t\tNyon\n\t\t\t\t\t\t\t\t\t\t\t<\/a>\n\t\t\t\t\t\t\t\t\t\t<\/div>\n\t\t\t\t\t\t\t\t\t\t\t\t\t\t\t\t\t<\/div>\n\t\t\t\t\t\t\t<\/div>\n\t\t\t\t\t\t<\/td>\t\n\t\t\t\t\t<\/tr>\t\n\t\t\t\t\n\t\t\t\t\t<tr>\n\t\t\t\t\t\t<td class=\" title\">\n\t\t\t\t\t\t\tHair loss &#8211; Mesopecia &#8211; 4 sessions<br \/>\n\t\t\t\t\t\t\t\t\t\t\t\t\t\t\tStop hair loss<br \/>\r\nMesopecia<br \/>\r\nCure of 4 sessions of 30 min<br \/>\n\t\t\t\t\t\t\t\t\t\t\t\t\t<\/td>\n\t\t\t\t\t\t<td class=\" price\">\n\t\t\t\t\t\t\t\t\t\t\t\t\t\t\t\t\t\t\t\t\t\t700.- CHF\n\t\t\t\t\t\t\t\t\t\t\t\t\t<\/td>\n\t\t\t\t\t\t<td class=\"buttons\">\n\t\t\t\t\t\t\t<div class=\"wp-block-buttons\">\n\t\t\t\t\t\t\t\t<div class=\"caln\">\n\t\t\t\t\t\t\t\t\t\t\t\t\t\t\t\t\t\t\t<div class=\"wp-block-button calendar\">\n\t\t\t\t\t\t\t\t\t\t\t<a class=\"wp-block-button__link wp-element-button\" href=\"https:\/\/agenda.otelina.ch\/nyon\/index.php?service=232\" target=\"_blank\" rel=\"noopener\">\n\t\t\t\t\t\t\t\t\t\t\t\tNyon\n\t\t\t\t\t\t\t\t\t\t\t<\/a>\n\t\t\t\t\t\t\t\t\t\t<\/div>\n\t\t\t\t\t\t\t\t\t\t\t\t\t\t\t\t\t<\/div>\n\t\t\t\t\t\t\t<\/div>\n\t\t\t\t\t\t<\/td>\t\n\t\t\t\t\t<\/tr>\t\n\t\t\t\t\n\t\t\t\t\t<tr>\n\t\t\t\t\t\t<td class=\" title\">\n\t\t\t\t\t\t\tHair loss &#8211; Mesopecia &#8211; 8 sessions<br \/>\n\t\t\t\t\t\t\t\t\t\t\t\t\t\t\tStop hair loss<br \/>\r\nMesopecia<br \/>\r\nCure of 8 sessions of 30 min<br \/>\n\t\t\t\t\t\t\t\t\t\t\t\t\t<\/td>\n\t\t\t\t\t\t<td class=\" price\">\n\t\t\t\t\t\t\t\t\t\t\t\t\t\t\t\t\t\t\t\t\t\t1400.- CHF\n\t\t\t\t\t\t\t\t\t\t\t\t\t<\/td>\n\t\t\t\t\t\t<td class=\"buttons\">\n\t\t\t\t\t\t\t<div class=\"wp-block-buttons\">\n\t\t\t\t\t\t\t\t<div class=\"caln\">\n\t\t\t\t\t\t\t\t\t\t\t\t\t\t\t\t\t\t\t<div class=\"wp-block-button calendar\">\n\t\t\t\t\t\t\t\t\t\t\t<a class=\"wp-block-button__link wp-element-button\" href=\"https:\/\/agenda.otelina.ch\/nyon\/index.php?service=233\" target=\"_blank\" rel=\"noopener\">\n\t\t\t\t\t\t\t\t\t\t\t\tNyon\n\t\t\t\t\t\t\t\t\t\t\t<\/a>\n\t\t\t\t\t\t\t\t\t\t<\/div>\n\t\t\t\t\t\t\t\t\t\t\t\t\t\t\t\t\t<\/div>\n\t\t\t\t\t\t\t<\/div>\n\t\t\t\t\t\t<\/td>\t\n\t\t\t\t\t<\/tr>\t\n\t\t\t\t\n\t\t\t\t\t<tr>\n\t\t\t\t\t\t<td class=\" title\">\n\t\t\t\t\t\t\tHair loss &#8211; Mesopecia Annual maintenance &#8211; 6 sessions<br \/>\n\t\t\t\t\t\t\t\t\t\t\t\t\t\t\tStop hair loss<br \/>\r\nMesopecia<br \/>\r\nAnnual maintenance of 6 sessions of 30 min<br \/>\n\t\t\t\t\t\t\t\t\t\t\t\t\t<\/td>\n\t\t\t\t\t\t<td class=\" price\">\n\t\t\t\t\t\t\t\t\t\t\t\t\t\t\t\t\t\t\t\t\t\t1000.- CHF\n\t\t\t\t\t\t\t\t\t\t\t\t\t<\/td>\n\t\t\t\t\t\t<td class=\"buttons\">\n\t\t\t\t\t\t\t<div class=\"wp-block-buttons\">\n\t\t\t\t\t\t\t\t<div class=\"caln\">\n\t\t\t\t\t\t\t\t\t\t\t\t\t\t\t\t\t\t\t<div class=\"wp-block-button calendar\">\n\t\t\t\t\t\t\t\t\t\t\t<a class=\"wp-block-button__link wp-element-button\" href=\"https:\/\/agenda.otelina.ch\/nyon\/index.php?service=234\" target=\"_blank\" rel=\"noopener\">\n\t\t\t\t\t\t\t\t\t\t\t\tNyon\n\t\t\t\t\t\t\t\t\t\t\t<\/a>\n\t\t\t\t\t\t\t\t\t\t<\/div>\n\t\t\t\t\t\t\t\t\t\t\t\t\t\t\t\t\t<\/div>\n\t\t\t\t\t\t\t<\/div>\n\t\t\t\t\t\t<\/td>\t\n\t\t\t\t\t<\/tr>\t\n\t\t\t\t\n\t\t\t\t\t<tr>\n\t\t\t\t\t\t<td class=\" title\">\n\t\t\t\t\t\t\tHair loss &#8211; Mesopecia Annual maintenance &#8211; 8 sessions<br \/>\n\t\t\t\t\t\t\t\t\t\t\t\t\t\t\tStop hair loss<br \/>\r\nMesopecia<br \/>\r\nAnnual maintenance of 8 30-minute sessions<br \/>\n\t\t\t\t\t\t\t\t\t\t\t\t\t<\/td>\n\t\t\t\t\t\t<td class=\" price\">\n\t\t\t\t\t\t\t\t\t\t\t\t\t\t\t\t\t\t\t\t\t\t1200.- CHF\n\t\t\t\t\t\t\t\t\t\t\t\t\t<\/td>\n\t\t\t\t\t\t<td class=\"buttons\">\n\t\t\t\t\t\t\t<div class=\"wp-block-buttons\">\n\t\t\t\t\t\t\t\t<div class=\"caln\">\n\t\t\t\t\t\t\t\t\t\t\t\t\t\t\t\t\t\t\t<div class=\"wp-block-button calendar\">\n\t\t\t\t\t\t\t\t\t\t\t<a class=\"wp-block-button__link wp-element-button\" href=\"https:\/\/agenda.otelina.ch\/nyon\/index.php?service=235\" target=\"_blank\" rel=\"noopener\">\n\t\t\t\t\t\t\t\t\t\t\t\tNyon\n\t\t\t\t\t\t\t\t\t\t\t<\/a>\n\t\t\t\t\t\t\t\t\t\t<\/div>\n\t\t\t\t\t\t\t\t\t\t\t\t\t\t\t\t\t<\/div>\n\t\t\t\t\t\t\t<\/div>\n\t\t\t\t\t\t<\/td>\t\n\t\t\t\t\t<\/tr>\t\n\t\t\t\t\t\t\t<\/tbody>\t\n\t\t\t<\/table>\n\t\t\t<\/div>\n\t\t<\/div>\n    <\/div>\n    ","protected":false},"excerpt":{"rendered":"<p>Mesopecia Men and women lose an average of 100 and 150 hairs a day. This hair is then constantly renewed. However, hair loss can be disturbing in some cases. External aggressors such as pollution, stress or unsuitable hair care products can weaken your hair and lead to premature loss. Mesopecia is an effective treatment for [&hellip;]<\/p>\n","protected":false},"author":1,"featured_media":3843,"parent":2880,"menu_order":0,"comment_status":"closed","ping_status":"closed","template":"","meta":{"_acf_changed":false,"_uag_custom_page_level_css":"","footnotes":""},"class_list":["post-3855","page","type-page","status-publish","has-post-thumbnail","hentry"],"acf":[],"uagb_featured_image_src":{"full":["https:\/\/www.otelina-medecine-esthetique.ch\/esthetic\/2023\/10\/mesopecie.jpg",1920,600,false],"thumbnail":["https:\/\/www.otelina-medecine-esthetique.ch\/esthetic\/2023\/10\/mesopecie-300x300.jpg",300,300,true],"medium":["https:\/\/www.otelina-medecine-esthetique.ch\/esthetic\/2023\/10\/mesopecie-600x188.jpg",600,188,true],"medium_large":["https:\/\/www.otelina-medecine-esthetique.ch\/esthetic\/2023\/10\/mesopecie-768x240.jpg",768,240,true],"large":["https:\/\/www.otelina-medecine-esthetique.ch\/esthetic\/2023\/10\/mesopecie-1024x320.jpg",1024,320,true],"1536x1536":["https:\/\/www.otelina-medecine-esthetique.ch\/esthetic\/2023\/10\/mesopecie-1536x480.jpg",1536,480,true],"2048x2048":["https:\/\/www.otelina-medecine-esthetique.ch\/esthetic\/2023\/10\/mesopecie.jpg",1920,600,false],"post-thumbnail":["https:\/\/www.otelina-medecine-esthetique.ch\/esthetic\/2023\/10\/mesopecie-300x225.jpg",300,225,true],"carre600":["https:\/\/www.otelina-medecine-esthetique.ch\/esthetic\/2023\/10\/mesopecie-600x600.jpg",600,600,true],"medium-dia":["https:\/\/www.otelina-medecine-esthetique.ch\/esthetic\/2023\/10\/mesopecie-800x250.jpg",800,250,true],"slider-xl":["https:\/\/www.otelina-medecine-esthetique.ch\/esthetic\/2023\/10\/mesopecie.jpg",1920,600,false],"slider-l":["https:\/\/www.otelina-medecine-esthetique.ch\/esthetic\/2023\/10\/mesopecie.jpg",1920,600,false],"slider-m":["https:\/\/www.otelina-medecine-esthetique.ch\/esthetic\/2023\/10\/mesopecie-960x300.jpg",960,300,true],"slider-s":["https:\/\/www.otelina-medecine-esthetique.ch\/esthetic\/2023\/10\/mesopecie-480x150.jpg",480,150,true],"gform-image-choice-sm":["https:\/\/www.otelina-medecine-esthetique.ch\/esthetic\/2023\/10\/mesopecie.jpg",300,94,false],"gform-image-choice-md":["https:\/\/www.otelina-medecine-esthetique.ch\/esthetic\/2023\/10\/mesopecie.jpg",400,125,false],"gform-image-choice-lg":["https:\/\/www.otelina-medecine-esthetique.ch\/esthetic\/2023\/10\/mesopecie.jpg",600,188,false]},"uagb_author_info":{"display_name":"webmaster","author_link":"https:\/\/www.otelina-medecine-esthetique.ch\/en\/blog\/author\/webadmini\/"},"uagb_comment_info":0,"uagb_excerpt":"Mesopecia Men and women lose an average of 100 and 150 hairs a day. This hair is then constantly renewed. However, hair loss can be disturbing in some cases. External aggressors such as pollution, stress or unsuitable hair care products can weaken your hair and lead to premature loss. Mesopecia is an effective treatment for&hellip;","_links":{"self":[{"href":"https:\/\/www.otelina-medecine-esthetique.ch\/en\/wp-json\/wp\/v2\/pages\/3855","targetHints":{"allow":["GET"]}}],"collection":[{"href":"https:\/\/www.otelina-medecine-esthetique.ch\/en\/wp-json\/wp\/v2\/pages"}],"about":[{"href":"https:\/\/www.otelina-medecine-esthetique.ch\/en\/wp-json\/wp\/v2\/types\/page"}],"author":[{"embeddable":true,"href":"https:\/\/www.otelina-medecine-esthetique.ch\/en\/wp-json\/wp\/v2\/users\/1"}],"replies":[{"embeddable":true,"href":"https:\/\/www.otelina-medecine-esthetique.ch\/en\/wp-json\/wp\/v2\/comments?post=3855"}],"version-history":[{"count":2,"href":"https:\/\/www.otelina-medecine-esthetique.ch\/en\/wp-json\/wp\/v2\/pages\/3855\/revisions"}],"predecessor-version":[{"id":4094,"href":"https:\/\/www.otelina-medecine-esthetique.ch\/en\/wp-json\/wp\/v2\/pages\/3855\/revisions\/4094"}],"up":[{"embeddable":true,"href":"https:\/\/www.otelina-medecine-esthetique.ch\/en\/wp-json\/wp\/v2\/pages\/2880"}],"wp:featuredmedia":[{"embeddable":true,"href":"https:\/\/www.otelina-medecine-esthetique.ch\/en\/wp-json\/wp\/v2\/media\/3843"}],"wp:attachment":[{"href":"https:\/\/www.otelina-medecine-esthetique.ch\/en\/wp-json\/wp\/v2\/media?parent=3855"}],"curies":[{"name":"wp","href":"https:\/\/api.w.org\/{rel}","templated":true}]}}